{"id":1515,"date":"2023-07-06T11:27:05","date_gmt":"2023-07-06T11:27:05","guid":{"rendered":"https:\/\/bk.shalakany.ae\/?page_id=1515"},"modified":"2024-09-08T08:46:39","modified_gmt":"2024-09-08T08:46:39","slug":"mergers-and-acquisitions","status":"publish","type":"page","link":"https:\/\/shalakany.com\/fr\/practice-areas\/mergers-and-acquisitions\/","title":{"rendered":"Mergers and Acquisitions"},"content":{"rendered":"\t\t<div data-elementor-type=\"wp-page\" data-elementor-id=\"1515\" class=\"elementor elementor-1515\">\n\t\t\t\t\t\t<section class=\"elementor-section elementor-top-section elementor-element elementor-element-c9d1271 elementor-section-boxed elementor-section-height-default elementor-section-height-default\" data-id=\"c9d1271\" data-element_type=\"section\" data-e-type=\"section\">\n\t\t\t\t\t\t\t<div class=\"elementor-background-overlay\"><\/div>\n\t\t\t\t\t\t\t<div class=\"elementor-container elementor-column-gap-default\">\n\t\t\t\t\t<div class=\"elementor-column elementor-col-50 elementor-top-column elementor-element elementor-element-e135d41\" data-id=\"e135d41\" data-element_type=\"column\" data-e-type=\"column\">\n\t\t\t<div class=\"elementor-widget-wrap elementor-element-populated\">\n\t\t\t\t\t\t<div class=\"elementor-element elementor-element-b428a85 elementor-widget elementor-widget-image\" data-id=\"b428a85\" data-element_type=\"widget\" data-e-type=\"widget\" data-widget_type=\"image.default\">\n\t\t\t\t<div class=\"elementor-widget-container\">\n\t\t\t\t\t\t\t\t\t\t\t\t\t\t\t<img fetchpriority=\"high\" decoding=\"async\" width=\"400\" height=\"322\" src=\"https:\/\/shalakany.com\/fr\/wp-content\/uploads\/2023\/07\/CORPORATE-AND-MERGERS-_-ACQUISITIONS-min-400x322.webp\" class=\"attachment-large size-large wp-image-1444\" alt=\"\" srcset=\"https:\/\/shalakany.com\/fr\/wp-content\/uploads\/2023\/07\/CORPORATE-AND-MERGERS-_-ACQUISITIONS-min-400x322.webp 400w, https:\/\/shalakany.com\/fr\/wp-content\/uploads\/2023\/07\/CORPORATE-AND-MERGERS-_-ACQUISITIONS-min-300x241.webp 300w, https:\/\/shalakany.com\/fr\/wp-content\/uploads\/2023\/07\/CORPORATE-AND-MERGERS-_-ACQUISITIONS-min-jpg.webp 730w\" sizes=\"(max-width: 400px) 100vw, 400px\" \/>\t\t\t\t\t\t\t\t\t\t\t\t\t\t\t<\/div>\n\t\t\t\t<\/div>\n\t\t\t\t\t<\/div>\n\t\t<\/div>\n\t\t\t\t<div class=\"elementor-column elementor-col-50 elementor-top-column elementor-element elementor-element-060a5ae\" data-id=\"060a5ae\" data-element_type=\"column\" data-e-type=\"column\">\n\t\t\t<div class=\"elementor-widget-wrap elementor-element-populated\">\n\t\t\t\t\t\t<div class=\"elementor-element elementor-element-6da2fe3 elementor-widget elementor-widget-text-editor\" data-id=\"6da2fe3\" data-element_type=\"widget\" data-e-type=\"widget\" data-widget_type=\"text-editor.default\">\n\t\t\t\t<div class=\"elementor-widget-container\">\n\t\t\t\t\t\t\t\t\t<h2><strong>Shalakany prides itself on being a leader in the field of mergers and acquisitions and has acted on many of the most high-profile transactions in Egypt that have taken place over the past few decades. We represent both buy side and sell side clients, whether strategic or financial investors, across various industries.<\/strong><\/h2>\t\t\t\t\t\t\t\t<\/div>\n\t\t\t\t<\/div>\n\t\t\t\t\t<\/div>\n\t\t<\/div>\n\t\t\t\t\t<\/div>\n\t\t<\/section>\n\t\t\t\t<section class=\"elementor-section elementor-top-section elementor-element elementor-element-bff34be elementor-section-boxed elementor-section-height-default elementor-section-height-default\" data-id=\"bff34be\" data-element_type=\"section\" data-e-type=\"section\">\n\t\t\t\t\t\t<div class=\"elementor-container elementor-column-gap-default\">\n\t\t\t\t\t<div class=\"elementor-column elementor-col-100 elementor-top-column elementor-element elementor-element-d81012a\" data-id=\"d81012a\" data-element_type=\"column\" data-e-type=\"column\">\n\t\t\t<div class=\"elementor-widget-wrap elementor-element-populated\">\n\t\t\t\t\t\t<div class=\"elementor-element elementor-element-5b4738d elementor-widget__width-initial elementor-widget elementor-widget-text-editor\" data-id=\"5b4738d\" data-element_type=\"widget\" data-e-type=\"widget\" data-widget_type=\"text-editor.default\">\n\t\t\t\t<div class=\"elementor-widget-container\">\n\t\t\t\t\t\t\t\t\t<p><span style=\"text-decoration: underline;\"><b>Mergers and Acquisitions deals and cases:<\/b><\/span><\/p><p>Shalakany prides itself on being a leader in the field of mergers and acquisitions. Here are a few examples of transactions the firm has recently acted on in different sectors:<\/p><ul><li>Shalakany acted for GEMS Education and their joint venture with EFG Hermes as Egyptian counsel in their acquisition of 4 schools in Egypt for over EGP 1 billion.<\/li><li>Shalakany acted for South Atlantic Petroleum Limited as it\u2019s Egyptian counsel in its bid to acquire global and local assets of Merlon International LLC.<\/li><li>Shalakany advised Dubai Holding as Egyptian counsel on the acquisition of a minority stake in Azadea Group Holding for over USD 1 billion.<\/li><li>Shalakany acted for United Energy Group Limited as Egyptian legal counsel in their acquisition of the entire share capital of Kuwait Energy PLC for over USD 650 million.<\/li><li>Shalakany recently acted for VEON in its mandatory tender offer for up to 43% of the shares of Global Telecom Holding for approximately USD 600 million, the largest mandatory tender offer in Egyptian history.<\/li><li>Shalakany assisted Engie E&amp;P International in the sale of its Egyptian exploration and production business to Neptune Oil &amp; Gas. The overall transaction was for USD 3.9 billion.<\/li><li>The firm acted as Sealed Air Corporation\u2019s counsel in the sale of its Diversey Care division along with the food, hygiene and cleaning business within its Food Care division to Boston-based private equity firm, Bain Capital Private Equity, with a value of USD 3.2 billion.<\/li><li>The firm recently acted as a local counsel for a leading private equity firm in undertaking an equity investment in one of the largest FinTech companies in Egypt and the Middle East.<\/li><li>The firm recently acted on behalf of the buyer in the acquisition of the main shareholders\u2019 stake in a company in the Middle Eastern retail industry.<\/li><li>Shalakany advised TPG on the potential acquisition of a retail asset in Egypt with a value of over USD 100 million.<\/li><li>The Firm recently acted for Global Telecom Holding, a member of the VimpelCom group, as the lead transactional counsel in its successful defense from the hostile takeover by Altimo for a value of over USD 3 billion.<\/li><li>The Firm represented Halayeb for Dairy Products and Juice S.A.E. as seller in the acquisition of 100% of its issued share capital by Danone with a value of EGP 118 million.<\/li><li>The Firm recently acted for the Mansour Group in the potential sale of Metro supermarkets (the largest chain of supermarkets in Egypt) to Majid Al Futtaim Group.<\/li><li>The Firm represented Nestl\u00e9 Switzerland on the acquisition of the business of ice cream of Nestl\u00e9 Egypt by R&amp;R as part of Nestl\u00e9\u2019s global divestiture of its ice cream business with a global value of over EUR 3 billion.<\/li><li>The Firm recently acted for Financial Holdings International Limited in an asset swap transaction for a large portfolio of operating companies with Qalaa Holdings.<\/li><li>The Firm recently advised GTH with regard to the sale by GTH of a 51% interest in Orascom Telecom Alg\u00e9rie SpA to the Fonds National d\u2019Investissement, the Algerian National Investment Fund, for a purchase consideration of USD 2.6 billion.<\/li><li>The Firm recently advised Pamplona Capital Management LLP in the acquisition of RWE\u2019s Egyptian Oil &amp; Gas assets for a value of EUR 6 billion.<\/li><li>The Firm acted for Zhenhua Oil in its acquisition of Vegas Oil for a value of over USD 700 million.<\/li><li>The firm acted for Japan Tobacco International in the acquisition of the Nakhla Group companies, one of the world\u2019s leading manufacturers of water pipe tobacco, with a value of USD 250 million.<\/li><\/ul>\t\t\t\t\t\t\t\t<\/div>\n\t\t\t\t<\/div>\n\t\t\t\t\t<\/div>\n\t\t<\/div>\n\t\t\t\t\t<\/div>\n\t\t<\/section>\n\t\t\t\t<\/div>\n\t\t","protected":false},"excerpt":{"rendered":"<p>Shalakany prides itself on being a leader in the field of mergers and acquisitions and has acted on many of the most high-profile transactions in Egypt that have taken place over the past few decades. We represent both buy side and sell side clients, whether strategic or financial investors, across various industries. Mergers and Acquisitions [&hellip;]<\/p>\n","protected":false},"author":1,"featured_media":0,"parent":294,"menu_order":0,"comment_status":"closed","ping_status":"closed","template":"","meta":{"ocean_post_layout":"full-screen","ocean_both_sidebars_style":"","ocean_both_sidebars_content_width":0,"ocean_both_sidebars_sidebars_width":0,"ocean_sidebar":"0","ocean_second_sidebar":"0","ocean_disable_margins":"enable","ocean_add_body_class":"","ocean_shortcode_before_top_bar":"","ocean_shortcode_after_top_bar":"","ocean_shortcode_before_header":"","ocean_shortcode_after_header":"","ocean_has_shortcode":"","ocean_shortcode_after_title":"","ocean_shortcode_before_footer_widgets":"","ocean_shortcode_after_footer_widgets":"","ocean_shortcode_before_footer_bottom":"","ocean_shortcode_after_footer_bottom":"","ocean_display_top_bar":"default","ocean_display_header":"off","ocean_header_style":"","ocean_center_header_left_menu":"0","ocean_custom_header_template":"0","ocean_custom_logo":0,"ocean_custom_retina_logo":0,"ocean_custom_logo_max_width":0,"ocean_custom_logo_tablet_max_width":0,"ocean_custom_logo_mobile_max_width":0,"ocean_custom_logo_max_height":0,"ocean_custom_logo_tablet_max_height":0,"ocean_custom_logo_mobile_max_height":0,"ocean_header_custom_menu":"0","ocean_menu_typo_font_family":"0","ocean_menu_typo_font_subset":"","ocean_menu_typo_font_size":0,"ocean_menu_typo_font_size_tablet":0,"ocean_menu_typo_font_size_mobile":0,"ocean_menu_typo_font_size_unit":"px","ocean_menu_typo_font_weight":"","ocean_menu_typo_font_weight_tablet":"","ocean_menu_typo_font_weight_mobile":"","ocean_menu_typo_transform":"","ocean_menu_typo_transform_tablet":"","ocean_menu_typo_transform_mobile":"","ocean_menu_typo_line_height":0,"ocean_menu_typo_line_height_tablet":0,"ocean_menu_typo_line_height_mobile":0,"ocean_menu_typo_line_height_unit":"","ocean_menu_typo_spacing":0,"ocean_menu_typo_spacing_tablet":0,"ocean_menu_typo_spacing_mobile":0,"ocean_menu_typo_spacing_unit":"","ocean_menu_link_color":"","ocean_menu_link_color_hover":"","ocean_menu_link_color_active":"","ocean_menu_link_background":"","ocean_menu_link_hover_background":"","ocean_menu_link_active_background":"","ocean_menu_social_links_bg":"","ocean_menu_social_hover_links_bg":"","ocean_menu_social_links_color":"","ocean_menu_social_hover_links_color":"","ocean_disable_title":"default","ocean_disable_heading":"default","ocean_post_title":"","ocean_post_subheading":"","ocean_post_title_style":"","ocean_post_title_background_color":"","ocean_post_title_background":0,"ocean_post_title_bg_image_position":"","ocean_post_title_bg_image_attachment":"","ocean_post_title_bg_image_repeat":"","ocean_post_title_bg_image_size":"","ocean_post_title_height":0,"ocean_post_title_bg_overlay":0.5,"ocean_post_title_bg_overlay_color":"","ocean_disable_breadcrumbs":"default","ocean_breadcrumbs_color":"","ocean_breadcrumbs_separator_color":"","ocean_breadcrumbs_links_color":"","ocean_breadcrumbs_links_hover_color":"","ocean_display_footer_widgets":"default","ocean_display_footer_bottom":"default","ocean_custom_footer_template":"0","footnotes":""},"class_list":["post-1515","page","type-page","status-publish","hentry","entry"],"_links":{"self":[{"href":"https:\/\/shalakany.com\/fr\/wp-json\/wp\/v2\/pages\/1515","targetHints":{"allow":["GET"]}}],"collection":[{"href":"https:\/\/shalakany.com\/fr\/wp-json\/wp\/v2\/pages"}],"about":[{"href":"https:\/\/shalakany.com\/fr\/wp-json\/wp\/v2\/types\/page"}],"author":[{"embeddable":true,"href":"https:\/\/shalakany.com\/fr\/wp-json\/wp\/v2\/users\/1"}],"replies":[{"embeddable":true,"href":"https:\/\/shalakany.com\/fr\/wp-json\/wp\/v2\/comments?post=1515"}],"version-history":[{"count":24,"href":"https:\/\/shalakany.com\/fr\/wp-json\/wp\/v2\/pages\/1515\/revisions"}],"predecessor-version":[{"id":5890,"href":"https:\/\/shalakany.com\/fr\/wp-json\/wp\/v2\/pages\/1515\/revisions\/5890"}],"up":[{"embeddable":true,"href":"https:\/\/shalakany.com\/fr\/wp-json\/wp\/v2\/pages\/294"}],"wp:attachment":[{"href":"https:\/\/shalakany.com\/fr\/wp-json\/wp\/v2\/media?parent=1515"}],"curies":[{"name":"wp","href":"https:\/\/api.w.org\/{rel}","templated":true}]}}